{"id":24537,"date":"2022-08-03T09:38:24","date_gmt":"2022-08-03T07:38:24","guid":{"rendered":"https:\/\/margarita.gallery\/?post_type=product&#038;p=24537"},"modified":"2023-04-09T16:30:18","modified_gmt":"2023-04-09T14:30:18","slug":"aquagrafia-mediterranea-16","status":"publish","type":"product","link":"https:\/\/margarita.gallery\/es\/producto\/aquagrafia-mediterranea-16\/","title":{"rendered":"Aquagraf\u00eda Mediterr\u00e1nea 16"},"content":{"rendered":"<p>[vc_row][vc_column][vc_column_text]<\/p>\n<p style=\"text-align: center;\">Aquagraf\u00eda Mediterr\u00e1nea 16<br \/>\nMarcos Gittis, 2022, fichado<br \/>\n100x150cm<br \/>\nEdici\u00f3n abierta, con certificado<br \/>\nImpresi\u00f3n de bellas artes sobre lienzo<\/p>\n<p>&nbsp;<\/p>\n<p><span style=\"color: #000000;\">\u00bfLe gustar\u00eda comprar este cuadro en un formato m\u00e1s grande o en otro material (lienzo, papel, aluminio, acr\u00edlico)?<\/span><br \/>\n<span style=\"color: #000000;\">Con gusto le asesoramos en persona. WhatsApp: +34 689 671 591<\/span>[\/vc_column_text][\/vc_column][\/vc_row]<\/p>\n","protected":false},"excerpt":{"rendered":"<p style=\"text-align: left;\">Aquagraf\u00eda Mediterr\u00e1nea 16<br \/>\nMarcos Gittis, 2022, fichado<br \/>\n100x150cm<br \/>\nEdici\u00f3n abierta, con certificado<br \/>\nImpresi\u00f3n &#8230; <\/p>\n","protected":false},"featured_media":24540,"comment_status":"closed","ping_status":"closed","template":"","meta":[],"product_brand":[],"product_cat":[1292],"product_tag":[2563,2564,2565,1279,1294,1307,1295,1286,1313,2595],"class_list":{"0":"post-24537","1":"product","2":"type-product","3":"status-publish","4":"has-post-thumbnail","6":"product_cat-fotografia","7":"product_tag-aquagrafia-es","8":"product_tag-aquagrafia-es-2","9":"product_tag-aquagrafia-es-3","10":"product_tag-formato-de-paisaje","11":"product_tag-fotografia","12":"product_tag-mallorca-es","13":"product_tag-marcos-gittis-es","14":"product_tag-maritimo","15":"product_tag-verde","16":"product_tag-violeta","17":"product_shipping_class-aquagrafie-150x100","19":"first","20":"instock","21":"taxable","22":"shipping-taxable","23":"purchasable","24":"product-type-simple"},"_links":{"self":[{"href":"https:\/\/margarita.gallery\/es\/wp-json\/wp\/v2\/product\/24537","targetHints":{"allow":["GET"]}}],"collection":[{"href":"https:\/\/margarita.gallery\/es\/wp-json\/wp\/v2\/product"}],"about":[{"href":"https:\/\/margarita.gallery\/es\/wp-json\/wp\/v2\/types\/product"}],"replies":[{"embeddable":true,"href":"https:\/\/margarita.gallery\/es\/wp-json\/wp\/v2\/comments?post=24537"}],"wp:featuredmedia":[{"embeddable":true,"href":"https:\/\/margarita.gallery\/es\/wp-json\/wp\/v2\/media\/24540"}],"wp:attachment":[{"href":"https:\/\/margarita.gallery\/es\/wp-json\/wp\/v2\/media?parent=24537"}],"wp:term":[{"taxonomy":"product_brand","embeddable":true,"href":"https:\/\/margarita.gallery\/es\/wp-json\/wp\/v2\/product_brand?post=24537"},{"taxonomy":"product_cat","embeddable":true,"href":"https:\/\/margarita.gallery\/es\/wp-json\/wp\/v2\/product_cat?post=24537"},{"taxonomy":"product_tag","embeddable":true,"href":"https:\/\/margarita.gallery\/es\/wp-json\/wp\/v2\/product_tag?post=24537"}],"curies":[{"name":"wp","href":"https:\/\/api.w.org\/{rel}","templated":true}]}}