{"id":24335,"date":"2022-05-25T18:21:20","date_gmt":"2022-05-25T16:21:20","guid":{"rendered":"https:\/\/margarita.gallery\/?post_type=product&#038;p=24335"},"modified":"2023-04-09T16:31:25","modified_gmt":"2023-04-09T14:31:25","slug":"acuagrafia-mediterranea-12","status":"publish","type":"product","link":"https:\/\/margarita.gallery\/es\/producto\/acuagrafia-mediterranea-12\/","title":{"rendered":"Aquagraf\u00eda Mediterr\u00e1nea 12"},"content":{"rendered":"<p style=\"text-align: center;\">Acuograf\u00eda Mediterr\u00e1nea 12<br \/>\nMarcos Gittis, 2022, fichado<br \/>\n87x130cm<br \/>\nEdici\u00f3n abierta, con certificado<br \/>\nImpresi\u00f3n de bellas artes sobre lienzo<\/p>\n<p style=\"text-align: center;\"><span style=\"color: #000000;\">\u00bfLe gustar\u00eda comprar este cuadro en un formato m\u00e1s grande o en otro material (lienzo, papel, aluminio, acr\u00edlico)?<\/span><br \/>\n<span style=\"color: #000000;\">Con gusto le asesoramos en persona. WhatsApp: +34 689 671 591<\/span><\/p>\n<p style=\"text-align: center;\">\n","protected":false},"excerpt":{"rendered":"<p style=\"text-align: left;\">Acuograf\u00eda Mediterr\u00e1nea 12<br \/>\nMarcos Gittis, 2022, fichado<br \/>\n87x130cm<br \/>\nEdici\u00f3n abierta, con certificado<br \/>\nImpresi\u00f3n &#8230; <\/p>\n","protected":false},"featured_media":24349,"comment_status":"closed","ping_status":"closed","template":"","meta":[],"product_brand":[],"product_cat":[1292],"product_tag":[2564,2565,2563,1289,1294,1307,1295,1286,1338,1296,1362,1313],"class_list":{"0":"post-24335","1":"product","2":"type-product","3":"status-publish","4":"has-post-thumbnail","6":"product_cat-fotografia","7":"product_tag-aquagrafia-es-2","8":"product_tag-aquagrafia-es-3","9":"product_tag-aquagrafia-es","10":"product_tag-azul","11":"product_tag-fotografia","12":"product_tag-mallorca-es","13":"product_tag-marcos-gittis-es","14":"product_tag-maritimo","15":"product_tag-marron","16":"product_tag-retrato","17":"product_tag-turquesa","18":"product_tag-verde","19":"product_shipping_class-aquagrafie-130x90","21":"first","22":"instock","23":"taxable","24":"shipping-taxable","25":"purchasable","26":"product-type-simple"},"_links":{"self":[{"href":"https:\/\/margarita.gallery\/es\/wp-json\/wp\/v2\/product\/24335","targetHints":{"allow":["GET"]}}],"collection":[{"href":"https:\/\/margarita.gallery\/es\/wp-json\/wp\/v2\/product"}],"about":[{"href":"https:\/\/margarita.gallery\/es\/wp-json\/wp\/v2\/types\/product"}],"replies":[{"embeddable":true,"href":"https:\/\/margarita.gallery\/es\/wp-json\/wp\/v2\/comments?post=24335"}],"wp:featuredmedia":[{"embeddable":true,"href":"https:\/\/margarita.gallery\/es\/wp-json\/wp\/v2\/media\/24349"}],"wp:attachment":[{"href":"https:\/\/margarita.gallery\/es\/wp-json\/wp\/v2\/media?parent=24335"}],"wp:term":[{"taxonomy":"product_brand","embeddable":true,"href":"https:\/\/margarita.gallery\/es\/wp-json\/wp\/v2\/product_brand?post=24335"},{"taxonomy":"product_cat","embeddable":true,"href":"https:\/\/margarita.gallery\/es\/wp-json\/wp\/v2\/product_cat?post=24335"},{"taxonomy":"product_tag","embeddable":true,"href":"https:\/\/margarita.gallery\/es\/wp-json\/wp\/v2\/product_tag?post=24335"}],"curies":[{"name":"wp","href":"https:\/\/api.w.org\/{rel}","templated":true}]}}