{"id":23099,"date":"2021-10-28T13:09:27","date_gmt":"2021-10-28T11:51:41","guid":{"rendered":"https:\/\/margarita.gallery\/?post_type=product&#038;p=23099"},"modified":"2021-10-28T13:51:42","modified_gmt":"2021-10-28T11:51:42","slug":"vale-de-regalo-para-coaching-fotografico","status":"publish","type":"product","link":"https:\/\/margarita.gallery\/es\/producto\/vale-de-regalo-para-coaching-fotografico\/","title":{"rendered":"Vale de regalo para coaching fotogr\u00e1fico"},"content":{"rendered":"<p class=\"p1\"><span class=\"s1\">\u00bfTienes una buena c\u00e1mara y a\u00fan no sabes c\u00f3mo sacarle el m\u00e1ximo partido?<\/span><\/p>\n<p class=\"p1\"><span class=\"s1\">El fot\u00f3grafo Marcos Gittis te ense\u00f1a en cursos individuales 1:1 lo que necesitas saber y hacer.<\/span><\/p>\n<p class=\"p1\"><span class=\"s1\">Curso de fotograf\u00eda de 4 horas (introducci\u00f3n t\u00e9cnica, shooting, evaluaci\u00f3n)<\/span><\/p>\n<p class=\"p1\"><span class=\"s1\">Ubicaci\u00f3n: Porto Cristo \/ Mallorca<\/span><\/p>\n<p class=\"p1\"><span class=\"s1\">El coaching tambi\u00e9n es posible en su lugar de residencia o de vacaciones en la isla.<\/span><\/p>\n<p class=\"p1\"><span class=\"s1\">(Para una distancia de m\u00e1s de 25 km, tambi\u00e9n cobramos una tarifa fija de 20 \u20ac, que se pagar\u00e1 cuando se canjee el bono si se ha determinado la ubicaci\u00f3n del curso).<\/span><\/p>\n<p class=\"p1\"><span class=\"s1\">Tras completar el proceso de pago, recibir\u00e1 un correo electr\u00f3nico con un enlace para la descarga.<\/span><\/p>\n","protected":false},"excerpt":{"rendered":"<p class=\"p1\"><span class=\"s1\">Vale de regalo para un curso de fotograf\u00eda individual &#8230; <\/p>\n","protected":false},"featured_media":23023,"comment_status":"closed","ping_status":"closed","template":"","meta":[],"product_brand":[],"product_cat":[2492],"product_tag":[1295],"class_list":{"0":"post-23099","1":"product","2":"type-product","3":"status-publish","4":"has-post-thumbnail","6":"product_cat-vale","7":"product_tag-marcos-gittis-es","9":"first","10":"instock","11":"downloadable","12":"virtual","13":"taxable","14":"purchasable","15":"product-type-simple"},"_links":{"self":[{"href":"https:\/\/margarita.gallery\/es\/wp-json\/wp\/v2\/product\/23099","targetHints":{"allow":["GET"]}}],"collection":[{"href":"https:\/\/margarita.gallery\/es\/wp-json\/wp\/v2\/product"}],"about":[{"href":"https:\/\/margarita.gallery\/es\/wp-json\/wp\/v2\/types\/product"}],"replies":[{"embeddable":true,"href":"https:\/\/margarita.gallery\/es\/wp-json\/wp\/v2\/comments?post=23099"}],"wp:featuredmedia":[{"embeddable":true,"href":"https:\/\/margarita.gallery\/es\/wp-json\/wp\/v2\/media\/23023"}],"wp:attachment":[{"href":"https:\/\/margarita.gallery\/es\/wp-json\/wp\/v2\/media?parent=23099"}],"wp:term":[{"taxonomy":"product_brand","embeddable":true,"href":"https:\/\/margarita.gallery\/es\/wp-json\/wp\/v2\/product_brand?post=23099"},{"taxonomy":"product_cat","embeddable":true,"href":"https:\/\/margarita.gallery\/es\/wp-json\/wp\/v2\/product_cat?post=23099"},{"taxonomy":"product_tag","embeddable":true,"href":"https:\/\/margarita.gallery\/es\/wp-json\/wp\/v2\/product_tag?post=23099"}],"curies":[{"name":"wp","href":"https:\/\/api.w.org\/{rel}","templated":true}]}}