{"id":22407,"date":"2021-08-27T18:31:13","date_gmt":"2021-08-27T16:31:13","guid":{"rendered":"https:\/\/margarita.gallery\/produkt\/llauet-celestial\/"},"modified":"2021-08-27T19:26:03","modified_gmt":"2021-08-27T17:26:03","slug":"llauet-celestial-2","status":"publish","type":"product","link":"https:\/\/margarita.gallery\/es\/producto\/llauet-celestial-2\/","title":{"rendered":"Lla\u00fct celestial"},"content":{"rendered":"<p style=\"text-align: center;\">Lla\u00fct celestial<br \/>\nMarcos Gittis, 2021, firmado<br \/>\n70&#215;100 cm<br \/>\nEdici\u00f3n limitada (1\/1), ejemplar \u00fanico con certificado<br \/>\nImpresi\u00f3n arte fino en papel Hahnem\u00fchle Hahnem\u00fchle &#8211; Photo Rag<\/p>\n","protected":false},"excerpt":{"rendered":"<p>Marcos Gittis, 2021, firmado<br \/>\n70&#215;100 cm<br \/>\nEdici\u00f3n limitada (1\/1), ejemplar \u00fanico con certificado &#8230; <\/p>\n","protected":false},"featured_media":22393,"comment_status":"closed","ping_status":"closed","template":"","meta":[],"product_brand":[],"product_cat":[1292],"product_tag":[1365,1289,2418,1432,1382,1474,2417,1287,2388,2419],"class_list":{"0":"post-22407","1":"product","2":"type-product","3":"status-publish","4":"has-post-thumbnail","6":"product_cat-fotografia","7":"product_tag-agua","8":"product_tag-azul","9":"product_tag-barco-de-pesca","10":"product_tag-bote","11":"product_tag-cielo","12":"product_tag-embarcacion","13":"product_tag-llauet-es","14":"product_tag-mar","15":"product_tag-porto-cristo-es","16":"product_tag-reflexion-es","17":"product_shipping_class-3-paquete-111-0x81-4","19":"first","20":"instock","21":"taxable","22":"shipping-taxable","23":"purchasable","24":"product-type-variable"},"_links":{"self":[{"href":"https:\/\/margarita.gallery\/es\/wp-json\/wp\/v2\/product\/22407","targetHints":{"allow":["GET"]}}],"collection":[{"href":"https:\/\/margarita.gallery\/es\/wp-json\/wp\/v2\/product"}],"about":[{"href":"https:\/\/margarita.gallery\/es\/wp-json\/wp\/v2\/types\/product"}],"replies":[{"embeddable":true,"href":"https:\/\/margarita.gallery\/es\/wp-json\/wp\/v2\/comments?post=22407"}],"wp:featuredmedia":[{"embeddable":true,"href":"https:\/\/margarita.gallery\/es\/wp-json\/wp\/v2\/media\/22393"}],"wp:attachment":[{"href":"https:\/\/margarita.gallery\/es\/wp-json\/wp\/v2\/media?parent=22407"}],"wp:term":[{"taxonomy":"product_brand","embeddable":true,"href":"https:\/\/margarita.gallery\/es\/wp-json\/wp\/v2\/product_brand?post=22407"},{"taxonomy":"product_cat","embeddable":true,"href":"https:\/\/margarita.gallery\/es\/wp-json\/wp\/v2\/product_cat?post=22407"},{"taxonomy":"product_tag","embeddable":true,"href":"https:\/\/margarita.gallery\/es\/wp-json\/wp\/v2\/product_tag?post=22407"}],"curies":[{"name":"wp","href":"https:\/\/api.w.org\/{rel}","templated":true}]}}