{"id":13156,"date":"2020-11-28T21:59:41","date_gmt":"2020-11-28T20:59:41","guid":{"rendered":"https:\/\/margarita.gallery\/produkt\/marylena-y-su-abuela\/"},"modified":"2021-09-23T13:51:56","modified_gmt":"2021-09-23T11:51:56","slug":"marylena-y-su-abuela","status":"publish","type":"product","link":"https:\/\/margarita.gallery\/es\/producto\/marylena-y-su-abuela\/","title":{"rendered":"Marylena y su abuela"},"content":{"rendered":"<p style=\"text-align: center;\">&#8216;Marylena y su abuela&#8217;<br \/>\nMarcos Gittis, 2002, firmado<br \/>\n43 x 60 cm (27 x 41,5 cm)<br \/>\nEdici\u00f3n limitada (50), con certificado<br \/>\nImpresi\u00f3n arte fino en papel Hahnem\u00fchle Hahnem\u00fchle &#8211; Photo Rag<br \/>\nMarco de aluminio negro<\/p>\n","protected":false},"excerpt":{"rendered":"<p style=\"text-align: left;\">Marcos Gittis, 2002, firmado<br \/>\n43 x 60 cm (27 x &#8230; <\/p>\n","protected":false},"featured_media":12365,"comment_status":"closed","ping_status":"closed","template":"","meta":[],"product_brand":[],"product_cat":[1292],"product_tag":[1297,1495,1493,1279,1294,1494,1496,1295,1328,1492,1491],"class_list":{"0":"post-13156","1":"product","2":"type-product","3":"status-publish","4":"has-post-thumbnail","6":"product_cat-fotografia","7":"product_tag-chipre","8":"product_tag-envejecer","9":"product_tag-familia","10":"product_tag-formato-de-paisaje","11":"product_tag-fotografia","12":"product_tag-juventud","13":"product_tag-la-vida","14":"product_tag-marcos-gittis-es","15":"product_tag-naranja","16":"product_tag-nino","17":"product_tag-sra","18":"product_shipping_class-7-sin-marco","20":"first","21":"instock","22":"taxable","23":"shipping-taxable","24":"purchasable","25":"product-type-variable"},"_links":{"self":[{"href":"https:\/\/margarita.gallery\/es\/wp-json\/wp\/v2\/product\/13156","targetHints":{"allow":["GET"]}}],"collection":[{"href":"https:\/\/margarita.gallery\/es\/wp-json\/wp\/v2\/product"}],"about":[{"href":"https:\/\/margarita.gallery\/es\/wp-json\/wp\/v2\/types\/product"}],"replies":[{"embeddable":true,"href":"https:\/\/margarita.gallery\/es\/wp-json\/wp\/v2\/comments?post=13156"}],"wp:featuredmedia":[{"embeddable":true,"href":"https:\/\/margarita.gallery\/es\/wp-json\/wp\/v2\/media\/12365"}],"wp:attachment":[{"href":"https:\/\/margarita.gallery\/es\/wp-json\/wp\/v2\/media?parent=13156"}],"wp:term":[{"taxonomy":"product_brand","embeddable":true,"href":"https:\/\/margarita.gallery\/es\/wp-json\/wp\/v2\/product_brand?post=13156"},{"taxonomy":"product_cat","embeddable":true,"href":"https:\/\/margarita.gallery\/es\/wp-json\/wp\/v2\/product_cat?post=13156"},{"taxonomy":"product_tag","embeddable":true,"href":"https:\/\/margarita.gallery\/es\/wp-json\/wp\/v2\/product_tag?post=13156"}],"curies":[{"name":"wp","href":"https:\/\/api.w.org\/{rel}","templated":true}]}}