{"id":13138,"date":"2020-11-29T21:26:33","date_gmt":"2020-11-29T20:26:33","guid":{"rendered":"https:\/\/margarita.gallery\/produkt\/cazador-de-viento\/"},"modified":"2021-08-28T11:08:56","modified_gmt":"2021-08-28T09:08:56","slug":"cazador-de-viento","status":"publish","type":"product","link":"https:\/\/margarita.gallery\/es\/producto\/cazador-de-viento\/","title":{"rendered":"Cazador de viento"},"content":{"rendered":"<p style=\"text-align: center;\">Cazador de viento<br \/>\nMarcos Gittis, 2019, firmado<br \/>\n43 x 60 cm (33 x 49,5 cm)<br \/>\nEdici\u00f3n limitada (50), con certificado<br \/>\nImpresi\u00f3n arte fino en papel Hahnem\u00fchle Hahnem\u00fchle &#8211; Photo Rag<br \/>\nMarco de aluminio negro<\/p>\n","protected":false},"excerpt":{"rendered":"<p>Marcos Gittis, 2019, firmado<br \/>\n43 x 60 cm (33 x 49,5 cm)<br \/>\nEdici\u00f3n &#8230; <\/p>\n","protected":false},"featured_media":12369,"comment_status":"closed","ping_status":"closed","template":"","meta":[],"product_brand":[],"product_cat":[1292],"product_tag":[1399,1289,1309,1294,1307,1295,1308,1377,1376],"class_list":{"0":"post-13138","1":"product","2":"type-product","3":"status-publish","4":"has-post-thumbnail","6":"product_cat-fotografia","7":"product_tag-arquitectura","8":"product_tag-azul","9":"product_tag-espana","10":"product_tag-fotografia","11":"product_tag-mallorca-es","12":"product_tag-marcos-gittis-es","13":"product_tag-molino","14":"product_tag-pais","15":"product_tag-rural-es","16":"product_shipping_class-7-sin-marco","18":"first","19":"instock","20":"taxable","21":"shipping-taxable","22":"purchasable","23":"product-type-variable"},"_links":{"self":[{"href":"https:\/\/margarita.gallery\/es\/wp-json\/wp\/v2\/product\/13138","targetHints":{"allow":["GET"]}}],"collection":[{"href":"https:\/\/margarita.gallery\/es\/wp-json\/wp\/v2\/product"}],"about":[{"href":"https:\/\/margarita.gallery\/es\/wp-json\/wp\/v2\/types\/product"}],"replies":[{"embeddable":true,"href":"https:\/\/margarita.gallery\/es\/wp-json\/wp\/v2\/comments?post=13138"}],"wp:featuredmedia":[{"embeddable":true,"href":"https:\/\/margarita.gallery\/es\/wp-json\/wp\/v2\/media\/12369"}],"wp:attachment":[{"href":"https:\/\/margarita.gallery\/es\/wp-json\/wp\/v2\/media?parent=13138"}],"wp:term":[{"taxonomy":"product_brand","embeddable":true,"href":"https:\/\/margarita.gallery\/es\/wp-json\/wp\/v2\/product_brand?post=13138"},{"taxonomy":"product_cat","embeddable":true,"href":"https:\/\/margarita.gallery\/es\/wp-json\/wp\/v2\/product_cat?post=13138"},{"taxonomy":"product_tag","embeddable":true,"href":"https:\/\/margarita.gallery\/es\/wp-json\/wp\/v2\/product_tag?post=13138"}],"curies":[{"name":"wp","href":"https:\/\/api.w.org\/{rel}","templated":true}]}}