{"id":13135,"date":"2020-11-29T21:39:48","date_gmt":"2020-11-29T20:39:48","guid":{"rendered":"https:\/\/margarita.gallery\/produkt\/todo-bajo-control\/"},"modified":"2021-08-28T11:07:19","modified_gmt":"2021-08-28T09:07:19","slug":"todo-bajo-control","status":"publish","type":"product","link":"https:\/\/margarita.gallery\/es\/producto\/todo-bajo-control\/","title":{"rendered":"Todo bajo control"},"content":{"rendered":"<p style=\"text-align: center;\">Todo bajo control<br \/>\nMarcos Gittis, 2010, firmado<br \/>\n43 x 60 cm (34 x 51 cm)<br \/>\nEdici\u00f3n limitada (50), con certificado<br \/>\nImpresi\u00f3n arte fino en papel Hahnem\u00fchle Hahnem\u00fchle &#8211; Photo Rag<br \/>\nAluminio marco<\/p>\n","protected":false},"excerpt":{"rendered":"<p>Marcos Gittis, 2010, firmado<br \/>\n43 x 60 cm (34 x 51 cm)<br \/>\nEdici\u00f3n &#8230; <\/p>\n","protected":false},"featured_media":12371,"comment_status":"closed","ping_status":"closed","template":"","meta":[],"product_brand":[],"product_cat":[1292],"product_tag":[1476,1297,1294,1295,1328,1319,1477,1479,1478,1296],"class_list":{"0":"post-13135","1":"product","2":"type-product","3":"status-publish","4":"has-post-thumbnail","6":"product_cat-fotografia","7":"product_tag-amenaza","8":"product_tag-chipre","9":"product_tag-fotografia","10":"product_tag-marcos-gittis-es","11":"product_tag-naranja","12":"product_tag-negro","13":"product_tag-objetivo","14":"product_tag-personalmente","15":"product_tag-pistola","16":"product_tag-retrato","17":"product_shipping_class-7-sin-marco","19":"first","20":"instock","21":"taxable","22":"shipping-taxable","23":"purchasable","24":"product-type-variable"},"_links":{"self":[{"href":"https:\/\/margarita.gallery\/es\/wp-json\/wp\/v2\/product\/13135","targetHints":{"allow":["GET"]}}],"collection":[{"href":"https:\/\/margarita.gallery\/es\/wp-json\/wp\/v2\/product"}],"about":[{"href":"https:\/\/margarita.gallery\/es\/wp-json\/wp\/v2\/types\/product"}],"replies":[{"embeddable":true,"href":"https:\/\/margarita.gallery\/es\/wp-json\/wp\/v2\/comments?post=13135"}],"wp:featuredmedia":[{"embeddable":true,"href":"https:\/\/margarita.gallery\/es\/wp-json\/wp\/v2\/media\/12371"}],"wp:attachment":[{"href":"https:\/\/margarita.gallery\/es\/wp-json\/wp\/v2\/media?parent=13135"}],"wp:term":[{"taxonomy":"product_brand","embeddable":true,"href":"https:\/\/margarita.gallery\/es\/wp-json\/wp\/v2\/product_brand?post=13135"},{"taxonomy":"product_cat","embeddable":true,"href":"https:\/\/margarita.gallery\/es\/wp-json\/wp\/v2\/product_cat?post=13135"},{"taxonomy":"product_tag","embeddable":true,"href":"https:\/\/margarita.gallery\/es\/wp-json\/wp\/v2\/product_tag?post=13135"}],"curies":[{"name":"wp","href":"https:\/\/api.w.org\/{rel}","templated":true}]}}