{"id":12736,"date":"2020-12-07T18:31:56","date_gmt":"2021-04-03T18:18:06","guid":{"rendered":"https:\/\/margarita.gallery\/produkt\/barcos\/"},"modified":"2021-04-03T20:25:00","modified_gmt":"2021-04-03T18:25:00","slug":"barcos","status":"publish","type":"product","link":"https:\/\/margarita.gallery\/es\/producto\/barcos\/","title":{"rendered":"Barcos"},"content":{"rendered":"<p style=\"text-align: center;\">Barcos<br \/>\nBirgit Maertins, 2016<br \/>\n31,5 x 41 (24 x 34,5)<br \/>\nAcr\u00edlico sobre cart\u00f3n, esp\u00e1tula y t\u00e9cnica de flujo<\/p>\n","protected":false},"excerpt":{"rendered":"<p>Birgit Maertins, 2016<br \/>\n31,5 x 41 (24 x 34,5) &#8230; <\/p>\n","protected":false},"featured_media":12737,"comment_status":"open","ping_status":"closed","template":"","meta":[],"product_brand":[],"product_cat":[1275],"product_tag":[1373,1285,1298,1279,1316,1287,1286,1278,1284,1378],"class_list":{"0":"post-12736","1":"product","2":"type-product","3":"status-publish","4":"has-post-thumbnail","6":"product_cat-pintura-y-dibujos","7":"product_tag-barcos","8":"product_tag-birgit-maertins-es","9":"product_tag-blanco","10":"product_tag-formato-de-paisaje","11":"product_tag-gris","12":"product_tag-mar","13":"product_tag-maritimo","14":"product_tag-naturaleza","15":"product_tag-pintura","16":"product_tag-velero","17":"product_shipping_class-2-paquete-71-0x58-5","19":"first","20":"outofstock","21":"taxable","22":"shipping-taxable","23":"purchasable","24":"product-type-simple"},"_links":{"self":[{"href":"https:\/\/margarita.gallery\/es\/wp-json\/wp\/v2\/product\/12736","targetHints":{"allow":["GET"]}}],"collection":[{"href":"https:\/\/margarita.gallery\/es\/wp-json\/wp\/v2\/product"}],"about":[{"href":"https:\/\/margarita.gallery\/es\/wp-json\/wp\/v2\/types\/product"}],"replies":[{"embeddable":true,"href":"https:\/\/margarita.gallery\/es\/wp-json\/wp\/v2\/comments?post=12736"}],"wp:featuredmedia":[{"embeddable":true,"href":"https:\/\/margarita.gallery\/es\/wp-json\/wp\/v2\/media\/12737"}],"wp:attachment":[{"href":"https:\/\/margarita.gallery\/es\/wp-json\/wp\/v2\/media?parent=12736"}],"wp:term":[{"taxonomy":"product_brand","embeddable":true,"href":"https:\/\/margarita.gallery\/es\/wp-json\/wp\/v2\/product_brand?post=12736"},{"taxonomy":"product_cat","embeddable":true,"href":"https:\/\/margarita.gallery\/es\/wp-json\/wp\/v2\/product_cat?post=12736"},{"taxonomy":"product_tag","embeddable":true,"href":"https:\/\/margarita.gallery\/es\/wp-json\/wp\/v2\/product_tag?post=12736"}],"curies":[{"name":"wp","href":"https:\/\/api.w.org\/{rel}","templated":true}]}}