{"id":12185,"date":"2021-01-22T09:43:27","date_gmt":"2021-01-22T08:43:27","guid":{"rendered":"https:\/\/margarita.gallery\/produkt\/noche-estrellada-mallorca\/"},"modified":"2021-08-27T19:29:30","modified_gmt":"2021-08-27T17:29:30","slug":"noche-estrellada-mallorca","status":"publish","type":"product","link":"https:\/\/margarita.gallery\/es\/producto\/noche-estrellada-mallorca\/","title":{"rendered":"Noche estrellada Mallorca"},"content":{"rendered":"<p style=\"text-align: center;\">Noche estrellada Mallorca<br \/>\nMarcos Gittis, 2019, firmado<br \/>\n43 x 60 cm (33 x 49,5 cm)<br \/>\nEdici\u00f3n limitada (50), con certificado<br \/>\nImpresi\u00f3n arte fino en papel Hahnem\u00fchle Hahnem\u00fchle &#8211; Photo Rag<br \/>\nAluminio marco<\/p>\n","protected":false},"excerpt":{"rendered":"<p>Marcos Gittis, 2019<br \/>\n43 x 60 cm (33 x 49,5 cm)<br \/>\nEdici\u00f3n limitada &#8230; <\/p>\n","protected":false},"featured_media":12186,"comment_status":"closed","ping_status":"closed","template":"","meta":[],"product_brand":[],"product_cat":[1292],"product_tag":[1289,1309,1310,1279,1294,1307,1295,1308,1278,1306,1291],"class_list":{"0":"post-12185","1":"product","2":"type-product","3":"status-publish","4":"has-post-thumbnail","6":"product_cat-fotografia","7":"product_tag-azul","8":"product_tag-espana","9":"product_tag-estrellas-del-cielo","10":"product_tag-formato-de-paisaje","11":"product_tag-fotografia","12":"product_tag-mallorca-es","13":"product_tag-marcos-gittis-es","14":"product_tag-molino","15":"product_tag-naturaleza","16":"product_tag-noche","17":"product_tag-rojo","18":"product_shipping_class-7-sin-marco","20":"first","21":"instock","22":"taxable","23":"shipping-taxable","24":"purchasable","25":"product-type-variable"},"_links":{"self":[{"href":"https:\/\/margarita.gallery\/es\/wp-json\/wp\/v2\/product\/12185","targetHints":{"allow":["GET"]}}],"collection":[{"href":"https:\/\/margarita.gallery\/es\/wp-json\/wp\/v2\/product"}],"about":[{"href":"https:\/\/margarita.gallery\/es\/wp-json\/wp\/v2\/types\/product"}],"replies":[{"embeddable":true,"href":"https:\/\/margarita.gallery\/es\/wp-json\/wp\/v2\/comments?post=12185"}],"wp:featuredmedia":[{"embeddable":true,"href":"https:\/\/margarita.gallery\/es\/wp-json\/wp\/v2\/media\/12186"}],"wp:attachment":[{"href":"https:\/\/margarita.gallery\/es\/wp-json\/wp\/v2\/media?parent=12185"}],"wp:term":[{"taxonomy":"product_brand","embeddable":true,"href":"https:\/\/margarita.gallery\/es\/wp-json\/wp\/v2\/product_brand?post=12185"},{"taxonomy":"product_cat","embeddable":true,"href":"https:\/\/margarita.gallery\/es\/wp-json\/wp\/v2\/product_cat?post=12185"},{"taxonomy":"product_tag","embeddable":true,"href":"https:\/\/margarita.gallery\/es\/wp-json\/wp\/v2\/product_tag?post=12185"}],"curies":[{"name":"wp","href":"https:\/\/api.w.org\/{rel}","templated":true}]}}