{"id":13318,"date":"2021-04-04T11:19:41","date_gmt":"2021-04-04T09:19:41","guid":{"rendered":"https:\/\/margarita.gallery\/imprimir\/"},"modified":"2021-04-04T19:10:54","modified_gmt":"2021-04-04T17:10:54","slug":"imprimir","status":"publish","type":"page","link":"https:\/\/margarita.gallery\/es\/imprimir\/","title":{"rendered":"Imprimir"},"content":{"rendered":"<p>[vc_row][vc_column][cz_gap]<div id=\"cz_63207\" class=\"cz_63207 cz_title clr cz_title_has_bg cz_title_has_border cz_title_pos_inline\"><div class=\"cz_title_content\"><span class=\"cz_line_side_solo\">_<\/span><div class=\"cz_wpe_content\"><p><span style=\"font-size: 24px; color: #ffffff;\"><strong>Aviso legal<\/strong><\/span><\/p>\n<\/div><\/div><\/div>[cz_gap height=\u00bb100px\u00bb][vc_column_text]<\/p>\n<p><span style=\"color: #666666;\"><strong>Margarita &#8211; Colectivo de Arte<br \/><\/strong><\/span><span style=\"color: #666666;\">C \/ dels Navegants 1<br \/><\/span><span style=\"color: #666666;\">07680 Porto Cristo<br \/><\/span><span style=\"color: #666666;\"> Mallorca \/ Espa\u00f1a<\/span><\/p>\n<p><span style=\"color: #666666;\"><strong>Representado por:<\/strong><\/span><\/p>\n<p><span style=\"color: #666666;\">Marcos Gittis<\/span><\/p>\n<p><span style=\"color: #666666;\"><strong>Contacto:<\/strong><\/span><\/p>\n<p><span style=\"color: #666666;\">Tel\u00e9fono: +34971 55 68 99<br \/><\/span><span style=\"color: #666666;\">Correo electr\u00f3nico:<a style=\"color: #666666;\" href=\"mailto:mail@margarita.gallery\"> mail@margarita.gallery<\/a><\/span><\/p>\n<p><span style=\"color: #666666;\"><strong>Entrada de registro:<\/strong><\/span><\/p>\n<p><span style=\"color: #666666;\">NUNCA ESY4839016Z<\/span><\/p>\n<p><span style=\"color: #666666;\"><strong>Impuesto sobre el valor a\u00f1adido:<\/strong><\/span><\/p>\n<p><span style=\"color: #666666;\">N\u00famero de identificaci\u00f3n del impuesto sobre las ventas:<br \/><\/span><span style=\"color: #666666;\"> ESY4839016Z<\/span><\/p>\n<p><span style=\"color: #666666;\"><strong>Responsable del contenido:<\/strong><\/span><\/p>\n<p><span style=\"color: #666666;\">Marcos Gittis<br \/><\/span><span style=\"color: #666666;\">C \/ de l &#8216;Ec\u00f3nom Pere Gelabert 46<br \/><\/span><span style=\"color: #666666;\">07680 Porto Cristo<br \/><\/span><span style=\"color: #666666;\">Islas Baleares<br \/>Espa\u00f1a<\/span><\/p>\n<p><span style=\"color: #666666;\">Correcci\u00f3n<span class=\"\">\u00a0<\/span>de<span class=\"\">\u00a0<\/span>pruebas: Joan Payeras Llull<\/span><\/p>\n<p><span style=\"color: #666666;\">Los derechos de autor de todas las im\u00e1genes en el sitio web, a menos que se indique lo contrario, pertenecen a Marcos Gittis.<\/span><\/p>\n<p><span style=\"color: #666666;\"><strong>Soluci\u00f3n de controversias<\/strong><\/span><\/p>\n<p><span style=\"color: #666666;\">La Comisi\u00f3n Europea proporciona una plataforma para la resoluci\u00f3n de disputas (SO) en l\u00ednea:<a style=\"color: #666666;\" href=\"https:\/\/ec.europa.eu\/consumers\/odr\"> https:\/\/ec.europa.eu\/consumers\/odr<\/a> .<\/span><\/p>\n<p><span style=\"color: #666666;\">Puede encontrar nuestra direcci\u00f3n de correo electr\u00f3nico en el aviso legal anterior.<\/span><\/p>\n<p><span style=\"color: #666666;\">No estamos dispuestos ni obligados a participar en procedimientos de soluci\u00f3n de controversias ante cualquier<\/span><\/p>\n<p><span style=\"color: #666666;\">Participar en la junta de arbitraje de consumidores.<\/span><\/p>\n<p>&nbsp;<\/p>\n<p><span style=\"color: #666666;\"><strong>Responsabilidad por el contenido<\/strong><\/span><\/p>\n<p><span style=\"color: #666666;\">Como proveedor de servicios, somos responsables de nuestro propio contenido en estas p\u00e1ginas de acuerdo con las leyes generales, pero como proveedor de servicios no estamos obligados a monitorear la informaci\u00f3n de terceros transmitida o almacenada ni a investigar circunstancias que indiquen una actividad ilegal. Las obligaciones de eliminar o bloquear el uso de informaci\u00f3n de acuerdo con las leyes generales no se ven afectadas. La responsabilidad a este respecto solo es posible a partir del momento en que tengamos conocimiento de una infracci\u00f3n legal espec\u00edfica. Tan pronto como tengamos conocimiento de dichas infracciones legales, eliminaremos este contenido de inmediato.<\/span><\/p>\n<p>&nbsp;<\/p>\n<p><span style=\"color: #666666;\"><strong>Responsabilidad por enlaces<\/strong><\/span><\/p>\n<p><span style=\"color: #666666;\">Nuestra oferta contiene enlaces a sitios web externos de terceros sobre cuyo contenido no tenemos influencia. Por lo tanto, no podemos aceptar ninguna responsabilidad por este contenido de terceros. El respectivo proveedor u operador de las p\u00e1ginas es siempre responsable del contenido de las p\u00e1ginas enlazadas. Las p\u00e1ginas vinculadas se revisaron para detectar posibles infracciones legales en el momento en que se vincularon. No se encontr\u00f3 contenido ilegal en el momento en que se cre\u00f3 el enlace. El monitoreo permanente del contenido de las p\u00e1ginas enlazadas no es razonable sin evidencia concreta de una violaci\u00f3n de la ley. Tan pronto como tengamos conocimiento de violaciones legales, eliminaremos dichos enlaces de inmediato.<\/span><\/p>\n<p>&nbsp;<\/p>\n<p><span style=\"color: #666666;\"><strong>derechos de autor<\/strong><\/span><\/p>\n<p><span style=\"color: #666666;\">El contenido y las obras de estas p\u00e1ginas creadas por el operador del sitio web est\u00e1n sujetos a la ley de derechos de autor. La reproducci\u00f3n, procesamiento, distribuci\u00f3n y cualquier tipo de explotaci\u00f3n fuera de los l\u00edmites de la ley de derechos de autor requieren el consentimiento por escrito del autor o creador respectivo. Las descargas y copias de este sitio web solo est\u00e1n permitidas para uso privado y no comercial. En la medida en que el contenido de este sitio no fue creado por el operador, se respetan los derechos de autor de terceros. En particular, los contenidos de terceros est\u00e1n marcados como tales. No obstante, si tiene conocimiento de una infracci\u00f3n de derechos de autor, le solicitamos que nos lo notifique. Si nos damos cuenta de violaciones legales, eliminaremos dicho contenido de inmediato.<\/span><\/p>\n<p>[\/vc_column_text][\/vc_column][\/vc_row]<\/p>\n","protected":false},"excerpt":{"rendered":"<p>[vc_row][vc_column][cz_gap][cz_gap height=\u00bb100px\u00bb][vc_column_text] Margarita &#8211; Colectivo de ArteC \/ dels Navegants 107680 &#8230; <\/p>\n","protected":false},"author":1,"featured_media":0,"parent":0,"menu_order":0,"comment_status":"closed","ping_status":"closed","template":"","meta":{"footnotes":""},"class_list":["post-13318","page","type-page","status-publish","hentry"],"_links":{"self":[{"href":"https:\/\/margarita.gallery\/es\/wp-json\/wp\/v2\/pages\/13318","targetHints":{"allow":["GET"]}}],"collection":[{"href":"https:\/\/margarita.gallery\/es\/wp-json\/wp\/v2\/pages"}],"about":[{"href":"https:\/\/margarita.gallery\/es\/wp-json\/wp\/v2\/types\/page"}],"author":[{"embeddable":true,"href":"https:\/\/margarita.gallery\/es\/wp-json\/wp\/v2\/users\/1"}],"replies":[{"embeddable":true,"href":"https:\/\/margarita.gallery\/es\/wp-json\/wp\/v2\/comments?post=13318"}],"version-history":[{"count":5,"href":"https:\/\/margarita.gallery\/es\/wp-json\/wp\/v2\/pages\/13318\/revisions"}],"predecessor-version":[{"id":13764,"href":"https:\/\/margarita.gallery\/es\/wp-json\/wp\/v2\/pages\/13318\/revisions\/13764"}],"wp:attachment":[{"href":"https:\/\/margarita.gallery\/es\/wp-json\/wp\/v2\/media?parent=13318"}],"curies":[{"name":"wp","href":"https:\/\/api.w.org\/{rel}","templated":true}]}}