{"id":13306,"date":"2021-04-04T11:15:22","date_gmt":"2021-04-04T09:15:22","guid":{"rendered":"https:\/\/margarita.gallery\/tienda\/terminos-de-servicio\/"},"modified":"2021-04-06T15:52:28","modified_gmt":"2021-04-06T13:52:28","slug":"terminos-de-servicio","status":"publish","type":"page","link":"https:\/\/margarita.gallery\/es\/tienda\/terminos-de-servicio\/","title":{"rendered":"T\u00e9rminos de servicio"},"content":{"rendered":"<p><strong>alcance<\/strong><\/p>\n<p>Su pedido electr\u00f3nico de Margarita &#8211; Colectivo de Arte se basa en estos t\u00e9rminos y condiciones generales.<\/p>\n<p><strong> <\/strong><\/p>\n<p><strong>Socio contractual<\/strong><\/p>\n<p>El contrato de compra se concluye con:<\/p>\n<p>Marcos Gittis<\/p>\n<p>C \/ de l &#8216;Ec\u00f3nom Pere Gelabert, 46<\/p>\n<p>07680 Porto Cristo<\/p>\n<p>Mallorca \/ Espa\u00f1a<\/p>\n<p><strong>Oferta y celebraci\u00f3n de contrato<\/strong><\/p>\n<p>La presentaci\u00f3n de los productos en la tienda online no es una oferta legalmente vinculante, sino una invitaci\u00f3n a realizar un pedido.<\/p>\n<p>Al hacer clic en el bot\u00f3n \u00abPedido por una tarifa\u00bb, est\u00e1 enviando una declaraci\u00f3n vinculante de intenci\u00f3n para solicitar los productos enumerados en la p\u00e1gina de pedido. El contrato de compra se concluye cuando confirmamos su pedido inmediatamente despu\u00e9s de que se haya concluido enviando un correo electr\u00f3nico de confirmaci\u00f3n a la direcci\u00f3n de correo electr\u00f3nico que proporcion\u00f3. Este correo electr\u00f3nico de confirmaci\u00f3n contiene todos los datos del pedido.<\/p>\n<p>El pedido de bienes con condiciones contractuales ser\u00e1 guardado por nosotros hasta que sean procesados. Estos datos est\u00e1n disponibles para usted en forma de correo electr\u00f3nico enviado despu\u00e9s de la conclusi\u00f3n del contrato. Tambi\u00e9n tiene la opci\u00f3n de guardar o imprimir el texto del contrato al realizar el pedido.<\/p>\n<p>Los pedidos realizados en fin de semana o festivos se procesar\u00e1n el siguiente d\u00eda h\u00e1bil. Los d\u00edas laborables son de lunes a viernes, salvo que sean festivos del Reino de Espa\u00f1a.<\/p>\n<p><strong>intimidad<\/strong><\/p>\n<p>Con su pedido, acepta el almacenamiento y uso de sus datos del formulario de pedido para procesar la compra y env\u00edo del producto que ha seleccionado. Si lo solicita por escrito, le proporcionaremos una copia de los datos que hemos almacenado sobre usted. Por favor, consulte nuestra pol\u00edtica de privacidad.<\/p>\n<p><strong>Costos de devoluci\u00f3n<\/strong><\/p>\n<p>Si ejerce su derecho legal de desistimiento, deber\u00e1 hacerse cargo de los gastos de devoluci\u00f3n.<\/p>\n<p><strong><span style=\"text-decoration: line-through;\"> <\/span><\/strong><\/p>\n<p><strong>Precios y gastos de env\u00edo<\/strong><\/p>\n<p>Los precios indicados en las p\u00e1ginas del producto incluyen el impuesto sobre las ventas legal y otros componentes del precio.<\/p>\n<p>Adem\u00e1s de los precios indicados, cobramos los gastos de env\u00edo por la entrega. Los costos de env\u00edo se le comunican claramente en las p\u00e1ginas del producto, en el sistema de carrito de compras y en la p\u00e1gina de pedido.<\/p>\n<p><strong> <\/strong><\/p>\n<p><strong>Pago y entrega<\/strong><\/p>\n<p>El precio de compra debe pagarse por adelantado y debe pagarse con su pedido. La mercanc\u00eda solo se enviar\u00e1 una vez que el precio de compra y los gastos de env\u00edo se hayan pagado en nuestra cuenta. El pago se realiza mediante PayPal, tarjeta de cr\u00e9dito o transferencia bancaria.<\/p>\n<p><strong> <\/strong><\/p>\n<p><strong>Retencion de TITULO<\/strong><\/p>\n<p>Los bienes siguen siendo de nuestra propiedad hasta que se hayan pagado en su totalidad.<\/p>\n<p><strong>Fuerza mayor<\/strong><\/p>\n<p>En la m\u00e1xima medida permitida por la ley, Margarita &#8211; Colectivo de Arte, representado por Marcos Gittis, no ser\u00e1 responsable por ning\u00fan retraso en el cumplimiento de sus obligaciones bajo estos T\u00e9rminos y Condiciones si dicho retraso es causado por circunstancias m\u00e1s all\u00e1 de la responsabilidad de Margarita &#8211; Colectivo de Arte es y Margarita &#8211; Colectivo de Arte tiene derecho a un per\u00edodo de gracia razonable en el cumplimiento de sus obligaciones.<\/p>\n<p><strong>Lugar de jurisdicci\u00f3n<\/strong><\/p>\n<p>El lugar de jurisdicci\u00f3n y cumplimiento es Mallorca (Islas Baleares), Espa\u00f1a.<\/p>\n<p>GTC versi\u00f3n 02\/2021<\/p>\n<p><strong>Derecho a retirada<\/strong><\/p>\n<p><strong>Derecho a retirada<\/strong><\/p>\n<p>Puede revocar su declaraci\u00f3n de contrato dentro de dos semanas en forma de texto (por ejemplo, carta, correo electr\u00f3nico) sin dar razones. Sin embargo, el per\u00edodo no comienza antes de que el destinatario haya recibido la mercanc\u00eda. El env\u00edo oportuno de la cancelaci\u00f3n es suficiente para cumplir con el plazo de cancelaci\u00f3n. La revocaci\u00f3n debe enviarse a:<\/p>\n<p><strong>Margarita &#8211; Colectivo de Arte<\/strong><\/p>\n<p>C \/ dels Navegants 1<\/p>\n<p>07680 Porto Cristo<\/p>\n<p>Mallorca \/ Espa\u00f1a<\/p>\n<p>Correo electr\u00f3nico:<a href=\"mailto:mail@margarita.gallery\"> mail@margarita.gallery<\/a><\/p>\n<p><strong> <\/strong><\/p>\n<p><strong>Proceso de retirada<\/strong><\/p>\n<p>Si no le gusta el producto o si ha pedido incorrectamente un producto diferente al que deseaba, h\u00e1ganoslo saber dentro de los 14 d\u00edas posteriores a la recepci\u00f3n de la mercanc\u00eda. Pagar\u00e1 los gastos de devoluci\u00f3n si hace uso de su derecho de desistimiento. Una vez recibida la obra de arte devuelta en perfecto estado, le devolveremos el importe de la compra. El riesgo de da\u00f1o o p\u00e9rdida recae en el cliente hasta que la devoluci\u00f3n haya llegado a Margarita &#8211; Colectivo de Arte. Nos reservamos el derecho de no reembolsar el monto de la compra si la obra de arte ha sido da\u00f1ada o modificada de alguna manera.<\/p>\n<hr>\n<p><strong>Formulario de retiro<\/strong><\/p>\n<p>Si desea cancelar el contrato, complete este formulario y env\u00edelo firmado por correo postal o correo electr\u00f3nico.<\/p>\n<p>Sobre<\/p>\n<p><strong>Margarita &#8211; Colectivo de Arte<\/strong><\/p>\n<p>C \/ dels Navegants 1<\/p>\n<p>07680 Porto Cristo<\/p>\n<p>Mallorca \/ Espa\u00f1a<\/p>\n<p><a href=\"mailto:mail@margarita.gallery\">mail@margarita.gallery<\/a><\/p>\n<p><em>Por la presente revoco \/ revocamos el contrato celebrado \/ celebrado para la compra de las siguientes obras de arte: <\/em><\/p>\n<p>&#8230;&#8230;&#8230;&#8230;&#8230;&#8230;&#8230;&#8230;&#8230;&#8230;&#8230;&#8230;&#8230;&#8230;&#8230;&#8230;&#8230;&#8230;&#8230;&#8230;&#8230;&#8230;&#8230;&#8230;&#8230;&#8230;<\/p>\n<p>&#8230;&#8230;&#8230;&#8230;&#8230;&#8230;&#8230;&#8230;&#8230;&#8230;&#8230;&#8230;&#8230;&#8230;&#8230;&#8230;&#8230;&#8230;&#8230;&#8230;&#8230;&#8230;&#8230;&#8230;&#8230;&#8230;<\/p>\n<p>(Nombre de la obra de arte, n\u00famero de pedido y precio)<\/p>\n<p>Bienes pedidos en:<\/p>\n<p>&#8230;&#8230;&#8230;&#8230;&#8230;&#8230;&#8230;&#8230;&#8230;..<\/p>\n<p>fecha<\/p>\n<p>Los bienes se recibieron el:<\/p>\n<p>&#8230;&#8230;&#8230;&#8230;&#8230;&#8230;&#8230;&#8230;&#8230;..<\/p>\n<p>fecha<\/p>\n<p>Nombre y direcci\u00f3n del cliente.<\/p>\n<p>&#8230;&#8230;&#8230;&#8230;&#8230;&#8230;&#8230;&#8230;&#8230;..<\/p>\n<p>&#8230;&#8230;&#8230;&#8230;&#8230;&#8230;&#8230;&#8230;&#8230;..<\/p>\n<p>&#8230;&#8230;&#8230;&#8230;&#8230;&#8230;&#8230;&#8230;&#8230;..<\/p>\n<p>&#8230;&#8230;&#8230;&#8230;&#8230;&#8230;&#8230;&#8230;&#8230;..<\/p>\n<p>fecha<\/p>\n<p>&#8230;&#8230;&#8230;&#8230;&#8230;&#8230;&#8230;&#8230;&#8230;&#8230;&#8230;&#8230;&#8230;&#8230;&#8230;&#8230;&#8230;.<\/p>\n<p>Firma del cliente<\/p>\n","protected":false},"excerpt":{"rendered":"<p>alcance Su pedido electr\u00f3nico de Margarita &#8211; Colectivo de Arte se &#8230; <\/p>\n","protected":false},"author":1,"featured_media":0,"parent":13165,"menu_order":0,"comment_status":"closed","ping_status":"closed","template":"","meta":{"footnotes":""},"class_list":["post-13306","page","type-page","status-publish","hentry"],"_links":{"self":[{"href":"https:\/\/margarita.gallery\/es\/wp-json\/wp\/v2\/pages\/13306","targetHints":{"allow":["GET"]}}],"collection":[{"href":"https:\/\/margarita.gallery\/es\/wp-json\/wp\/v2\/pages"}],"about":[{"href":"https:\/\/margarita.gallery\/es\/wp-json\/wp\/v2\/types\/page"}],"author":[{"embeddable":true,"href":"https:\/\/margarita.gallery\/es\/wp-json\/wp\/v2\/users\/1"}],"replies":[{"embeddable":true,"href":"https:\/\/margarita.gallery\/es\/wp-json\/wp\/v2\/comments?post=13306"}],"version-history":[{"count":1,"href":"https:\/\/margarita.gallery\/es\/wp-json\/wp\/v2\/pages\/13306\/revisions"}],"predecessor-version":[{"id":13307,"href":"https:\/\/margarita.gallery\/es\/wp-json\/wp\/v2\/pages\/13306\/revisions\/13307"}],"up":[{"embeddable":true,"href":"https:\/\/margarita.gallery\/es\/wp-json\/wp\/v2\/pages\/13165"}],"wp:attachment":[{"href":"https:\/\/margarita.gallery\/es\/wp-json\/wp\/v2\/media?parent=13306"}],"curies":[{"name":"wp","href":"https:\/\/api.w.org\/{rel}","templated":true}]}}