{"id":13043,"date":"2021-04-03T20:55:57","date_gmt":"2021-04-03T18:55:57","guid":{"rendered":"https:\/\/margarita.gallery\/artplacer\/"},"modified":"2021-06-08T11:57:19","modified_gmt":"2021-06-08T09:57:19","slug":"artplacer","status":"publish","type":"page","link":"https:\/\/margarita.gallery\/es\/artplacer\/","title":{"rendered":"Artplacer"},"content":{"rendered":"<p>[vc_row][vc_column offset=\u00bbvc_hidden-sm vc_hidden-xs\u00bb][cz_gap height=\u00bb100px\u00bb][cz_animated_text before_text=\u00bbColgar cuadros\u00bb words=\u00bbvirtualmente,virtualmente,virtualmente,virtualmente\u00bb after_text=\u00bb\u00bb fx=\u00bbletters_scale\u00bb tag=\u00bbh1&#8243; time=\u00bb2500&#8243; css_animation=\u00bbzoomIn\u00bb id=\u00bbcz_77997&#8243; sk_overall=\u00bbtext-align:center;\u00bb]<div id=\"cz_80841\" style=\"animation-delay:400ms;\" class=\"cz_80841 cz_title clr cz_title_pos_inline tac\"><div class=\"cz_title_content\"><div class=\"cz_wpe_content\"><p style=\"text-align: center;\"><span style=\"font-size: 24px; color: #666666;\">Con el Artplacer podr\u00e1 probar inmediatamente c\u00f3mo quedan nuestros cuadros en su pared.<\/span><\/p>\n<\/div><\/div><\/div>[cz_gap height=\u00bb10px\u00bb][cz_gap height=\u00bb20px\u00bb][\/vc_column][\/vc_row][vc_row][vc_column offset=\u00bbvc_hidden-sm vc_hidden-xs\u00bb][vc_single_image image=\u00bb17742&#8243; img_size=\u00bbfull\u00bb alignment=\u00bbcenter\u00bb css_animation=\u00bbflipInY\u00bb][vc_column_text]<\/p>\n<p style=\"text-align: center;\"><span style=\"color: #666666; font-size: 24px;\">Pruebe el aspecto de nuestros cuadros en una habitaci\u00f3n de muestra aqu\u00ed.<\/span><\/p>\n<p><center><artplacer gallery=\"8391\" type=\"2\" artwork_url=\"dynamic url here\" height=\"dynamic height here\" space=\"22070\" lang=\"es\" resizable=\"false\" frames=\"false\" catalog=\"visible\" collection=\"fine art\" text=\"Int\u00e9ntelo\" classname=\"myButton\"><\/artplacer><\/center>[\/vc_column_text][cz_gap]<div id=\"cz_51983\" class=\"cz_51983 cz_title clr cz_title_has_bg cz_title_has_border cz_title_pos_inline tac\"><div class=\"cz_title_content\"><span class=\"cz_line_side_solo\">_<\/span><div class=\"cz_wpe_content\"><p style=\"text-align: left;\"><span style=\"color: #fffffe;\"><strong>SUGERENCIA 1:<\/strong><\/span><\/p>\n<p style=\"text-align: center;\"><span style=\"color: #fffffe;\">No le quite el aire a sus paredes. El buen gusto se demuestra tambi\u00e9n en los peque\u00f1os acentos.<\/span><\/p>\n<p>&nbsp;<\/p>\n<p style=\"text-align: left;\"><span style=\"color: #fffffe;\"><strong>SUGERENCIA 2:<\/strong><\/span><\/p>\n<p style=\"text-align: left;\"><span style=\"color: #fffffe;\">Una combinaci\u00f3n de cuadros grandes y peque\u00f1os suele tener m\u00e1s vida que una obra maestra XXL.<\/span><\/p>\n<\/div><\/div><\/div><div id=\"cz_64387\" class=\"cz_64387 cz_title clr cz_title_pos_inline tac\"><div class=\"cz_title_content\"><span class=\"cz_line_side_solo\">_<\/span><div class=\"cz_wpe_content\"><span style=\"color: #fffffe;\"><strong>SUGERENCIA 1:<\/strong><\/span><\/p>\n<p style=\"text-align: center;\"><span style=\"color: #fffffe;\">No le quite el aire a sus paredes. El buen gusto se demuestra tambi\u00e9n en los peque\u00f1os acentos.<\/span><\/p>\n<p><span style=\"color: #fffffe;\"><strong>SUGERENCIA 2:<\/strong><\/span><\/p>\n<p style=\"text-align: left;\"><span style=\"color: #fffffe;\">Una combinaci\u00f3n de cuadros grandes y peque\u00f1os suele tener m\u00e1s vida que una obra maestra XXL.<\/span><\/p>\n<\/div><\/div><\/div>[\/vc_column][\/vc_row][vc_row][vc_column offset=\u00bbvc_hidden-lg vc_hidden-md vc_hidden-xs\u00bb][cz_gap height=\u00bb100px\u00bb][cz_animated_text before_text=\u00bbColgar cuadros\u00bb words=\u00bbvirtualmente,virtualmente,virtualmente,virtualmente\u00bb after_text=\u00bb\u00bb fx=\u00bbletters_scale\u00bb tag=\u00bbh1&#8243; time=\u00bb2500&#8243; css_animation=\u00bbzoomIn\u00bb id=\u00bbcz_77997&#8243; sk_overall=\u00bbtext-align:center;\u00bb]<div id=\"cz_80841\" style=\"animation-delay:400ms;\" class=\"cz_80841 cz_title clr cz_title_pos_inline tac\"><div class=\"cz_title_content\"><div class=\"cz_wpe_content\"><p style=\"text-align: center;\"><span style=\"font-size: 24px; color: #666666;\">Con el Artplacer podr\u00e1 probar inmediatamente c\u00f3mo quedan nuestros cuadros en su pared.<\/span><\/p>\n<\/div><\/div><\/div>[cz_gap height=\u00bb10px\u00bb][cz_gap height=\u00bb20px\u00bb][\/vc_column][\/vc_row][vc_row][vc_column offset=\u00bbvc_hidden-lg vc_hidden-md vc_hidden-xs\u00bb][vc_single_image image=\u00bb17742&#8243; img_size=\u00bbfull\u00bb alignment=\u00bbcenter\u00bb css_animation=\u00bbflipInY\u00bb][vc_column_text]<\/p>\n<p style=\"text-align: center;\"><span style=\"color: #666666; font-size: 24px;\">Pruebe el aspecto de nuestros cuadros<br \/>\nen una habitaci\u00f3n de muestra aqu\u00ed.<\/span><center><artplacer gallery=\"8391\" type=\"2\" artwork_url=\"dynamic url here\" height=\"dynamic height here\" space=\"22070\" lang=\"es\" resizable=\"false\" frames=\"false\" catalog=\"visible\" collection=\"fine art\" text=\"Int\u00e9ntelo\" classname=\"myButton\"><\/artplacer><\/center>[\/vc_column_text][cz_gap]<div id=\"cz_44451\" class=\"cz_44451 cz_title clr cz_title_has_bg cz_title_has_border cz_title_pos_inline\"><div class=\"cz_title_content\"><span class=\"cz_line_side_solo\">_<\/span><div class=\"cz_wpe_content\"><p><span style=\"color: #fffffe; font-size: 19px;\"><strong>SUGERENCIA 1:<\/strong><\/span><\/p>\n<p><span style=\"color: #fffffe; font-size: 19px;\">No le quite el aire a sus paredes. El buen gusto se demuestra tambi\u00e9n\u00a0en los peque\u00f1os acentos.<\/span><\/p>\n<p>&nbsp;<\/p>\n<p><span style=\"color: #fffffe; font-size: 19px;\"><strong>SUGERENCIA 2:<\/strong><\/span><\/p>\n<p><span style=\"color: #fffffe;\"><span style=\"font-size: 19px;\">Una combinaci\u00f3n de cuadros grandes y peque\u00f1os suele tener m\u00e1s vida que una obra maestra XX<\/span>L.<\/span><\/p>\n<\/div><\/div><\/div><div id=\"cz_64387\" class=\"cz_64387 cz_title clr cz_title_pos_inline tac\"><div class=\"cz_title_content\"><span class=\"cz_line_side_solo\">_<\/span><div class=\"cz_wpe_content\"><span style=\"color: #fffffe;\"><strong>SUGERENCIA 1:<\/strong><\/span><\/p>\n<p style=\"text-align: center;\"><span style=\"color: #fffffe;\">No le quite el aire a sus paredes. El buen gusto se demuestra tambi\u00e9n en los peque\u00f1os acentos.<\/span><\/p>\n<p><span style=\"color: #fffffe;\"><strong>SUGERENCIA 2:<\/strong><\/span><\/p>\n<p style=\"text-align: left;\"><span style=\"color: #fffffe;\">Una combinaci\u00f3n de cuadros grandes y peque\u00f1os suele tener m\u00e1s vida que una obra maestra XXL.<\/span><\/p>\n<\/div><\/div><\/div>[\/vc_column][\/vc_row][vc_row][vc_column offset=\u00bbvc_hidden-lg vc_hidden-md vc_hidden-sm\u00bb][cz_gap height=\u00bb100px\u00bb][cz_animated_text before_text=\u00bbColgar cuadros\u00bb words=\u00bbvirtualmente,virtualmente,virtualmente,virtualmente\u00bb after_text=\u00bb\u00bb fx=\u00bbletters_scale\u00bb tag=\u00bbh1&#8243; time=\u00bb2500&#8243; css_animation=\u00bbzoomIn\u00bb id=\u00bbcz_77997&#8243; sk_overall=\u00bbtext-align:center;\u00bb]<div id=\"cz_80841\" style=\"animation-delay:400ms;\" class=\"cz_80841 cz_title clr cz_title_pos_inline tac\"><div class=\"cz_title_content\"><div class=\"cz_wpe_content\"><p style=\"text-align: center;\"><span style=\"font-size: 24px; color: #666666;\">Con el Artplacer podr\u00e1 probar inmediatamente c\u00f3mo quedan nuestros cuadros en su pared.<\/span><\/p>\n<\/div><\/div><\/div>[cz_gap height=\u00bb10px\u00bb][cz_gap height=\u00bb20px\u00bb][\/vc_column][\/vc_row][vc_row][vc_column offset=\u00bbvc_hidden-lg vc_hidden-md vc_hidden-sm\u00bb][vc_single_image image=\u00bb17742&#8243; img_size=\u00bbfull\u00bb alignment=\u00bbcenter\u00bb css_animation=\u00bbflipInY\u00bb][vc_column_text]<\/p>\n<p style=\"text-align: center;\"><span style=\"color: #666666; font-size: 24px;\">Pruebe el aspecto de nuestros cuadros en una habitaci\u00f3n de muestra aqu\u00ed.<\/span><\/p>\n<p><center><artplacer gallery=\"8391\" type=\"2\" artwork_url=\"dynamic url here\" height=\"dynamic height here\" space=\"22070\" lang=\"es\" resizable=\"false\" frames=\"false\" catalog=\"visible\" collection=\"fine art\" text=\"Int\u00e9ntelo\" classname=\"myButton\"><\/artplacer><\/center>[\/vc_column_text][cz_gap]<div id=\"cz_47265\" class=\"cz_47265 cz_title clr cz_title_has_bg cz_title_has_border cz_title_pos_inline\"><div class=\"cz_title_content\"><span class=\"cz_line_side_solo\">_<\/span><div class=\"cz_wpe_content\"><p><span style=\"color: #fffffe;\"><strong>SUGERENCIA 1:<\/strong><\/span><\/p>\n<p><span style=\"color: #fffffe;\">No le quite el aire a sus paredes. El buen gusto se demuestra tambi\u00e9n en los peque\u00f1os acentos.<\/span><\/p>\n<p>&nbsp;<\/p>\n<p><span style=\"color: #fffffe;\"><strong>SUGERENCIA 2:<\/strong><\/span><\/p>\n<p><span style=\"color: #fffffe;\">Una combinaci\u00f3n de cuadros grandes y peque\u00f1os suele tener m\u00e1s vida que una obra maestra XXL.<\/span><\/p>\n<\/div><\/div><\/div><div id=\"cz_64387\" class=\"cz_64387 cz_title clr cz_title_pos_inline tac\"><div class=\"cz_title_content\"><span class=\"cz_line_side_solo\">_<\/span><div class=\"cz_wpe_content\"><span style=\"color: #fffffe;\"><strong>SUGERENCIA 1:<\/strong><\/span><\/p>\n<p style=\"text-align: center;\"><span style=\"color: #fffffe;\">No le quite el aire a sus paredes. El buen gusto se demuestra tambi\u00e9n en los peque\u00f1os acentos.<\/span><\/p>\n<p><span style=\"color: #fffffe;\"><strong>SUGERENCIA 2:<\/strong><\/span><\/p>\n<p style=\"text-align: left;\"><span style=\"color: #fffffe;\">Una combinaci\u00f3n de cuadros grandes y peque\u00f1os suele tener m\u00e1s vida que una obra maestra XXL.<\/span><\/p>\n<\/div><\/div><\/div>[\/vc_column][\/vc_row][vc_row][vc_column][\/vc_column][\/vc_row]<\/p>\n","protected":false},"excerpt":{"rendered":"<p>[vc_row][vc_column offset=\u00bbvc_hidden-sm vc_hidden-xs\u00bb][cz_gap height=\u00bb100px\u00bb][cz_animated_text before_text=\u00bbColgar cuadros\u00bb words=\u00bbvirtualmente,virtualmente,virtualmente,virtualmente\u00bb after_text=\u00bb\u00bb fx=\u00bbletters_scale\u00bb tag=\u00bbh1&#8243; time=\u00bb2500&#8243; &#8230; <\/p>\n","protected":false},"author":1,"featured_media":0,"parent":0,"menu_order":0,"comment_status":"closed","ping_status":"closed","template":"","meta":{"footnotes":""},"class_list":["post-13043","page","type-page","status-publish","hentry"],"_links":{"self":[{"href":"https:\/\/margarita.gallery\/es\/wp-json\/wp\/v2\/pages\/13043","targetHints":{"allow":["GET"]}}],"collection":[{"href":"https:\/\/margarita.gallery\/es\/wp-json\/wp\/v2\/pages"}],"about":[{"href":"https:\/\/margarita.gallery\/es\/wp-json\/wp\/v2\/types\/page"}],"author":[{"embeddable":true,"href":"https:\/\/margarita.gallery\/es\/wp-json\/wp\/v2\/users\/1"}],"replies":[{"embeddable":true,"href":"https:\/\/margarita.gallery\/es\/wp-json\/wp\/v2\/comments?post=13043"}],"version-history":[{"count":33,"href":"https:\/\/margarita.gallery\/es\/wp-json\/wp\/v2\/pages\/13043\/revisions"}],"predecessor-version":[{"id":21782,"href":"https:\/\/margarita.gallery\/es\/wp-json\/wp\/v2\/pages\/13043\/revisions\/21782"}],"wp:attachment":[{"href":"https:\/\/margarita.gallery\/es\/wp-json\/wp\/v2\/media?parent=13043"}],"curies":[{"name":"wp","href":"https:\/\/api.w.org\/{rel}","templated":true}]}}