{"id":15509,"date":"2021-04-07T18:46:57","date_gmt":"2021-04-07T16:46:57","guid":{"rendered":"https:\/\/margarita.gallery\/avis-legal-del-lloc\/"},"modified":"2021-05-13T15:36:34","modified_gmt":"2021-05-13T13:36:34","slug":"avis-legal-del-lloc","status":"publish","type":"page","link":"https:\/\/margarita.gallery\/ca\/avis-legal-del-lloc\/","title":{"rendered":"Av\u00eds legal del lloc"},"content":{"rendered":"<p>[vc_row][vc_column][cz_gap]<div id=\"cz_46321\" class=\"cz_46321 cz_title clr cz_title_has_bg cz_title_has_border cz_title_pos_inline\"><div class=\"cz_title_content\"><span class=\"cz_line_side_solo\">_<\/span><div class=\"cz_wpe_content\"><span style=\"font-size: 24px; color: #ffffff;\"><strong>Av\u00eds legal del lloc<\/strong><\/span><\/div><\/div><\/div>[cz_gap height=&#8221;100px&#8221;][vc_column_text]<span style=\"color: #666666;\"><strong>Margarita &#8211; Col\u00b7lectiu d\u2019Art<br \/>\n<\/strong><\/span><span style=\"color: #666666;\">C \/ dels Navegants 1<br \/>\n<\/span><span style=\"color: #666666;\">07680 Porto Cristo<br \/>\n<\/span><span style=\"color: #666666;\"> Mallorca \/ Espanya<\/span><\/p>\n<p><span style=\"color: #666666;\"><strong>Representat per:<\/strong><\/span><\/p>\n<p><span style=\"color: #666666;\">Marcos Gittis<\/span><\/p>\n<p><span style=\"color: #666666;\"><strong>Contacte:<\/strong><\/span><\/p>\n<p><span style=\"color: #666666;\">Tel\u00e8fon: +34 971 55 68 99<br \/>\n<\/span><span style=\"color: #666666;\">Correu electr\u00f2nic:<a style=\"color: #666666;\" href=\"mailto:mail@margarita.gallery\"> mail@margarita.gallery<\/a><\/span><\/p>\n<p><span style=\"color: #666666;\"><strong>Entrada de registre:<\/strong><\/span><\/p>\n<p><span style=\"color: #666666;\">MAI ESY4839016Z<\/span><\/p>\n<p><span style=\"color: #666666;\"><strong>Impost sobre el valor afegit:<\/strong><\/span><\/p>\n<p><span style=\"color: #666666;\">N\u00famero d&#8217;identificaci\u00f3 fiscal:<br \/>\n<\/span><span style=\"color: #666666;\"> ESY4839016Z<\/span><\/p>\n<p><span style=\"color: #666666;\"><strong>Responsable del contingut:<\/strong><\/span><\/p>\n<p><span style=\"color: #666666;\">Marcos Gittis<br \/>\n<\/span><span style=\"color: #666666;\">C \/ de l &#8216;Ec\u00f3nom Pere Gelabert 46<br \/>\n<\/span><span style=\"color: #666666;\">07680 Porto Cristo<br \/>\n<\/span><span style=\"color: #666666;\">Illes Balears<br \/>\nEspanya<\/span><\/p>\n<p><span style=\"color: #666666;\">Els drets d&#8217;autor de totes les imatges del lloc web, tret que s&#8217;indiqui el contrari, corresponen a Marcos Gittis.<\/span><\/p>\n<p><span style=\"color: #666666;\">Correcci\u00f3 de proves: Miquel \u00c0ngel Tortell Frontera<\/span><\/p>\n<p>&nbsp;<\/p>\n<p><span style=\"color: #666666;\"><strong>Soluci\u00f3 de conflictes<\/strong><\/span><\/p>\n<p><span style=\"color: #666666;\">La Comissi\u00f3 Europea proporciona una plataforma per a la resoluci\u00f3 de conflictes en l\u00ednia (SO):<a style=\"color: #666666;\" href=\"https:\/\/ec.europa.eu\/consumers\/odr\"> https:\/\/ec.europa.eu\/consumers\/odr<\/a> .<\/span><\/p>\n<p><span style=\"color: #666666;\">Podeu trobar la nostra adre\u00e7a de correu electr\u00f2nic a l\u2019av\u00eds legal anterior.<\/span><\/p>\n<p><span style=\"color: #666666;\">No estem disposats ni obligats a participar abans en cap procediment de resoluci\u00f3 de conflictes<\/span><\/p>\n<p><span style=\"color: #666666;\">Per participar a la junta arbitral de consum.<\/span><\/p>\n<p>&nbsp;<\/p>\n<p><span style=\"color: #666666;\"><strong>Responsabilitat pel contingut<\/strong><\/span><\/p>\n<p><span style=\"color: #666666;\">Com a prove\u00efdor de serveis, som responsables del nostre propi contingut en aquestes p\u00e0gines d\u2019acord amb les lleis generals, per\u00f2 com a prove\u00efdor de serveis no estem obligats a controlar la informaci\u00f3 transmesa o emmagatzemada de tercers ni a investigar circumst\u00e0ncies que indiquin activitat il\u00b7legal. Les obligacions d\u2019eliminar o bloquejar l\u2019\u00fas de la informaci\u00f3 segons les lleis generals no queden afectades. Tot i aix\u00f2, la responsabilitat en aquest sentit nom\u00e9s \u00e9s possible a partir del moment en qu\u00e8 ens assabentem d\u2019una infracci\u00f3 legal espec\u00edfica. Tan bon punt ens adonem d\u2019aquestes infraccions legals, eliminarem aquest contingut immediatament.<\/span><\/p>\n<p>&nbsp;<\/p>\n<p><span style=\"color: #666666;\"><strong>Responsabilitat per enlla\u00e7os<\/strong><\/span><\/p>\n<p><span style=\"color: #666666;\">La nostra oferta cont\u00e9 enlla\u00e7os a llocs web externs de tercers sobre els continguts dels quals no tenim cap influ\u00e8ncia. Per tant, no podem assumir cap responsabilitat per aquest contingut de tercers. El prove\u00efdor o operador respectiu de les p\u00e0gines sempre \u00e9s responsable del contingut de les p\u00e0gines enlla\u00e7ades. Les p\u00e0gines enlla\u00e7ades es van comprovar si hi havia possibles infraccions legals en el moment en qu\u00e8 es van enlla\u00e7ar. No es va trobar contingut il\u00b7legal en el moment de crear l\u2019enlla\u00e7. No obstant aix\u00f2, el control permanent del contingut de les p\u00e0gines enlla\u00e7ades no \u00e9s raonable sense proves concretes de violaci\u00f3 de la llei. Si ens adonem de violacions legals, eliminarem aquests enlla\u00e7os immediatament.<\/span><\/p>\n<p>&nbsp;<\/p>\n<p><span style=\"color: #666666;\"><strong>drets d&#8217;autor<\/strong><\/span><\/p>\n<p><span style=\"color: #666666;\">El contingut i les obres d\u2019aquestes p\u00e0gines creades per l\u2019operador del lloc web estan subjectes a la legislaci\u00f3 sobre drets d\u2019autor. La duplicaci\u00f3, processament, distribuci\u00f3 i qualsevol tipus d\u2019explotaci\u00f3 fora dels l\u00edmits de la legislaci\u00f3 sobre drets d\u2019autor requereixen el consentiment per escrit de l\u2019autor o creador respectiu. Les desc\u00e0rregues i c\u00f2pies d\u2019aquest lloc web nom\u00e9s es permeten per a \u00fas privat i no comercial. En la mesura que l\u2019operador no ha creat el contingut d\u2019aquest lloc, s\u2019observen els drets d\u2019autor de tercers. En particular, els continguts de tercers es marquen com a tals. No obstant aix\u00f2, en cas que tingueu coneixement d&#8217;una infracci\u00f3 dels drets d&#8217;autor, us demanem que ens ho notifiqueu. Si ens adonem de violacions legals, eliminarem aquest contingut immediatament.<\/span>[\/vc_column_text][\/vc_column][\/vc_row]<\/p>\n","protected":false},"excerpt":{"rendered":"<p>[vc_row][vc_column][cz_gap][cz_gap height=&#8221;100px&#8221;][vc_column_text]Margarita &#8211; Col\u00b7lectiu d\u2019Art C \/ dels Navegants 1 07680 &#8230; <\/p>\n","protected":false},"author":1,"featured_media":0,"parent":0,"menu_order":0,"comment_status":"closed","ping_status":"closed","template":"","meta":{"footnotes":""},"class_list":["post-15509","page","type-page","status-publish","hentry"],"_links":{"self":[{"href":"https:\/\/margarita.gallery\/ca\/wp-json\/wp\/v2\/pages\/15509","targetHints":{"allow":["GET"]}}],"collection":[{"href":"https:\/\/margarita.gallery\/ca\/wp-json\/wp\/v2\/pages"}],"about":[{"href":"https:\/\/margarita.gallery\/ca\/wp-json\/wp\/v2\/types\/page"}],"author":[{"embeddable":true,"href":"https:\/\/margarita.gallery\/ca\/wp-json\/wp\/v2\/users\/1"}],"replies":[{"embeddable":true,"href":"https:\/\/margarita.gallery\/ca\/wp-json\/wp\/v2\/comments?post=15509"}],"version-history":[{"count":5,"href":"https:\/\/margarita.gallery\/ca\/wp-json\/wp\/v2\/pages\/15509\/revisions"}],"predecessor-version":[{"id":19215,"href":"https:\/\/margarita.gallery\/ca\/wp-json\/wp\/v2\/pages\/15509\/revisions\/19215"}],"wp:attachment":[{"href":"https:\/\/margarita.gallery\/ca\/wp-json\/wp\/v2\/media?parent=15509"}],"curies":[{"name":"wp","href":"https:\/\/api.w.org\/{rel}","templated":true}]}}